{"id":18726,"date":"2017-11-08T14:13:09","date_gmt":"2017-11-08T14:13:09","guid":{"rendered":"http:\/\/emctecnologie.it\/?page_id=18726"},"modified":"2025-02-27T13:23:54","modified_gmt":"2025-02-27T13:23:54","slug":"certificazioni","status":"publish","type":"page","link":"https:\/\/emctecnologie.it\/en\/italiano-certificazioni\/","title":{"rendered":"Certificazioni"},"content":{"rendered":"<p><strong>Certificazioni della EMC\u00a0 S.r.l.<\/strong><\/p>\n<ul>\n<li style=\"list-style-type: none;\">\n<ul>\n<li class=\"cat-item cat-item-51\"><a href=\"http:\/\/emctecnologie.it\/wp-content\/uploads\/2025\/02\/SOA-E.M.C..pdf\">SOA<\/a><\/li>\n<li class=\"cat-item cat-item-51\"><a href=\"http:\/\/emctecnologie.it\/wp-content\/uploads\/2025\/02\/EMC-ISO9001.pdf\">ISO 9001:2015<\/a><\/li>\n<li><a href=\"http:\/\/emctecnologie.it\/wp-content\/uploads\/2025\/02\/Emc-9001-PoliticaQualita-29mar21.pdf\">ISO 9001:2015 \u2013 Politica per la Qualit\u00e0<\/a><\/li>\n<li><a href=\"http:\/\/emctecnologie.it\/wp-content\/uploads\/2025\/02\/Emc-14001-Certificato.pdf\">ISO 14001:2015<\/a><\/li>\n<li><a href=\"http:\/\/emctecnologie.it\/wp-content\/uploads\/2022\/07\/ISO45001_2018.jpg\">ISO 45001:2018<\/a><\/li>\n<li><a href=\"http:\/\/emctecnologie.it\/wp-content\/uploads\/2024\/05\/Emc-45001-Manuale-All1-Politica-20240202-Rev1.pdf\">ISO 45001:2018 &#8211; Politica per la Qualit\u00e0<\/a><\/li>\n<li><a href=\"http:\/\/emctecnologie.it\/wp-content\/uploads\/2019\/04\/EMC-NCAGE_AQ321.pdf\">NCAGE: AQ321<\/a><\/li>\n<li><a href=\"http:\/\/emctecnologie.it\/wp-content\/uploads\/2025\/02\/278-REG-1721226806876-RT4735_Lettera-attribuzione-Rating-signed.pdf\">RATING DI LEGALIT\u00c0<\/a><\/li>\n<li><a href=\"http:\/\/emctecnologie.it\/wp-content\/uploads\/2022\/07\/EMC-Parte_Generale.pdf\">EMC Parte Generale<\/a><\/li>\n<li><a href=\"http:\/\/emctecnologie.it\/wp-content\/uploads\/2022\/07\/emc-codice_etico.pdf\">EMC Codice Etico<\/a><\/li>\n<\/ul>\n<\/li>\n<\/ul>\n\n\n<p><\/p>\n","protected":false},"excerpt":{"rendered":"<p>Certificazioni della EMC\u00a0 S.r.l. SOA ISO 9001:2015 ISO 9001:2015 \u2013 Politica per la Qualit\u00e0 ISO 14001:2015 ISO 45001:2018 ISO 45001:2018 &#8211; Politica per la Qualit\u00e0 NCAGE: AQ321 RATING DI LEGALIT\u00c0 EMC Parte Generale EMC Codice Etico<\/p>\n","protected":false},"author":1,"featured_media":0,"parent":0,"menu_order":0,"comment_status":"closed","ping_status":"closed","template":"","meta":[],"_links":{"self":[{"href":"https:\/\/emctecnologie.it\/en\/wp-json\/wp\/v2\/pages\/18726"}],"collection":[{"href":"https:\/\/emctecnologie.it\/en\/wp-json\/wp\/v2\/pages"}],"about":[{"href":"https:\/\/emctecnologie.it\/en\/wp-json\/wp\/v2\/types\/page"}],"author":[{"embeddable":true,"href":"https:\/\/emctecnologie.it\/en\/wp-json\/wp\/v2\/users\/1"}],"replies":[{"embeddable":true,"href":"https:\/\/emctecnologie.it\/en\/wp-json\/wp\/v2\/comments?post=18726"}],"version-history":[{"count":24,"href":"https:\/\/emctecnologie.it\/en\/wp-json\/wp\/v2\/pages\/18726\/revisions"}],"predecessor-version":[{"id":18836,"href":"https:\/\/emctecnologie.it\/en\/wp-json\/wp\/v2\/pages\/18726\/revisions\/18836"}],"wp:attachment":[{"href":"https:\/\/emctecnologie.it\/en\/wp-json\/wp\/v2\/media?parent=18726"}],"curies":[{"name":"wp","href":"https:\/\/api.w.org\/{rel}","templated":true}]}}